{"id":16,"date":"2020-09-13T14:43:06","date_gmt":"2020-09-13T12:43:06","guid":{"rendered":"http:\/\/wp1.tefiso.net\/?page_id=16"},"modified":"2021-01-03T22:27:23","modified_gmt":"2021-01-03T20:27:23","slug":"herzlich-willkommen","status":"publish","type":"page","link":"https:\/\/www.beziehungsprofil.de\/","title":{"rendered":"Herzlich Willkommen"},"content":{"rendered":"\n<p><strong>Kommunikation schafft Motivation<br>f\u00fcr erfolgreiche berufliche und private Beziehungen<br>In Form von Einzel- und Unternehmensberatung<\/strong><\/p>\n\n\n\n<div class=\"wp-block-group\"><div class=\"wp-block-group__inner-container\">\n<div class=\"wp-block-image\"><figure class=\"alignleft size-large is-resized\"><img loading=\"lazy\" src=\"https:\/\/www.beziehungsprofil.de\/wp-content\/uploads\/chess-316657_1280-1024x678.jpg\" alt=\"\" class=\"wp-image-216\" width=\"383\" height=\"254\"\/><\/figure><\/div>\n\n\n\n<figure class=\"wp-block-image size-large is-resized\"><img loading=\"lazy\" src=\"https:\/\/www.beziehungsprofil.de\/wp-content\/uploads\/Bild-fuer-die-Startseite.jpg\" alt=\"\" class=\"wp-image-84\" width=\"175\" height=\"262\" srcset=\"https:\/\/www.beziehungsprofil.de\/wp-content\/uploads\/Bild-fuer-die-Startseite.jpg 332w, https:\/\/www.beziehungsprofil.de\/wp-content\/uploads\/Bild-fuer-die-Startseite-200x300.jpg 200w\" sizes=\"(max-width: 175px) 100vw, 175px\" \/><\/figure>\n<\/div><\/div>\n\n\n\n<div class=\"wp-block-group\"><div class=\"wp-block-group__inner-container\">\n<div class=\"wp-block-group\"><div class=\"wp-block-group__inner-container\">\n<h2><strong>Angebote f\u00fcr Beratung \u2013 Coaching &#8211; Workshop<\/strong><\/h2>\n<\/div><\/div>\n<\/div><\/div>\n\n\n\n<p>Alles in unserem Leben ist eine Reflexion unserer Entscheidungen.<br>Ein anderes oder besseres Ergebnis wird durch die Kompetenz erzielt, unsere Entscheidungen variabler treffen zu k\u00f6nnen.<br>Denn viel mehr als unsere F\u00e4higkeiten sind es unsere M\u00f6glichkeiten, Entscheidungen zu treffen, die uns zeigen, was uns ausmacht.<\/p>\n\n\n\n<div class=\"wp-block-group\"><div class=\"wp-block-group__inner-container\">\n<p><strong>Das Entscheidungscoaching ist dabei das elementare Arbeitsprinzip und wird erfolgreich eingesetzt bei den Themen:<\/strong><br>&#8211; Karriere und Berufsorientierung  <br>&#8211; Die eigene Marke entdecken &#8211; Von der Macke zur Marke <br>&#8211; Unternehmens-Strategie 4.0<br>&#8211; Dein Kopf l\u00e4uft mit &#8211; Zielorientierung und Motivation<br>&#8211; Mediation 4.0 &#8211; Ihre Krise &#8211; eine gef\u00e4hrliche Chance  <br>&#8211; Weitere Vortr\u00e4ge und Workshops <\/p>\n<\/div><\/div>\n\n\n\n<p><strong>Was ist das Entscheidungscoaching?<\/strong><br>Entscheidungscoaching ist ein zielgerichtetes und l\u00f6sungsorientiertes Beratungsinstrument f\u00fcr Einzelpersonen und Unternehmen. Ich begleite Sie dabei mit meiner praktischen Erfahrung aus \u00fcber drei Jahrzehnten und einem daraus entstandenen Coaching-Prozess.<\/p>\n\n\n\n<p><strong>Ergebnis:<\/strong><br>Verhaltensmuster, die zu Krisen- und Konfliktsituationen f\u00fchren, werden erkannt und ver\u00e4ndert.<br>Als Resultat er\u00f6ffnen sich neue Handlungs- und Entscheidungsm\u00f6glichkeiten, die zu einer h\u00f6heren Lebensqualit\u00e4t oder in Unternehmen zu erfolgreicheren Ergebnissen f\u00fchren.<\/p>\n","protected":false},"excerpt":{"rendered":"<p>Kommunikation schafft Motivationf\u00fcr erfolgreiche berufliche und private BeziehungenIn Form von Einzel- und Unternehmensberatung Angebote f\u00fcr Beratung \u2013 Coaching &#8211; Workshop Alles in unserem Leben ist eine Reflexion unserer Entscheidungen.Ein anderes oder besseres Ergebnis wird durch die Kompetenz erzielt, unsere Entscheidungen variabler treffen zu k\u00f6nnen.Denn viel mehr als unsere F\u00e4higkeiten sind es unsere M\u00f6glichkeiten, Entscheidungen zu &hellip;<\/p>\n<p class=\"read-more\"> <a class=\"\" href=\"https:\/\/www.beziehungsprofil.de\/\"> <span class=\"screen-reader-text\">Herzlich Willkommen<\/span> Weiterlesen &raquo;<\/a><\/p>\n","protected":false},"author":1,"featured_media":0,"parent":0,"menu_order":0,"comment_status":"closed","ping_status":"closed","template":"","meta":{"site-sidebar-layout":"default","site-content-layout":"default","ast-main-header-display":"","ast-hfb-above-header-display":"","ast-hfb-mobile-header-display":"","site-post-title":"","ast-breadcrumbs-content":"","ast-featured-img":"","footer-sml-layout":"","theme-transparent-header-meta":"default","adv-header-id-meta":"","stick-header-meta":"","header-above-stick-meta":"","header-main-stick-meta":"","header-below-stick-meta":""},"_links":{"self":[{"href":"https:\/\/www.beziehungsprofil.de\/index.php\/wp-json\/wp\/v2\/pages\/16"}],"collection":[{"href":"https:\/\/www.beziehungsprofil.de\/index.php\/wp-json\/wp\/v2\/pages"}],"about":[{"href":"https:\/\/www.beziehungsprofil.de\/index.php\/wp-json\/wp\/v2\/types\/page"}],"author":[{"embeddable":true,"href":"https:\/\/www.beziehungsprofil.de\/index.php\/wp-json\/wp\/v2\/users\/1"}],"replies":[{"embeddable":true,"href":"https:\/\/www.beziehungsprofil.de\/index.php\/wp-json\/wp\/v2\/comments?post=16"}],"version-history":[{"count":35,"href":"https:\/\/www.beziehungsprofil.de\/index.php\/wp-json\/wp\/v2\/pages\/16\/revisions"}],"predecessor-version":[{"id":411,"href":"https:\/\/www.beziehungsprofil.de\/index.php\/wp-json\/wp\/v2\/pages\/16\/revisions\/411"}],"wp:attachment":[{"href":"https:\/\/www.beziehungsprofil.de\/index.php\/wp-json\/wp\/v2\/media?parent=16"}],"curies":[{"name":"wp","href":"https:\/\/api.w.org\/{rel}","templated":true}]}}