{"id":18,"date":"2020-09-13T14:46:03","date_gmt":"2020-09-13T12:46:03","guid":{"rendered":"http:\/\/wp1.tefiso.net\/?page_id=18"},"modified":"2021-02-12T20:52:23","modified_gmt":"2021-02-12T18:52:23","slug":"vita-zur-person-felix-deck","status":"publish","type":"page","link":"https:\/\/www.beziehungsprofil.de\/index.php\/vita-zur-person-felix-deck\/","title":{"rendered":"Vita &#8211; Zur Person"},"content":{"rendered":"\n<p class=\"has-medium-font-size\"><strong>keine graue Theorie<\/strong><\/p>\n\n\n\n<div class=\"wp-block-image\"><figure class=\"alignleft size-large is-resized\"><img loading=\"lazy\" src=\"https:\/\/www.beziehungsprofil.de\/wp-content\/uploads\/Felix-mit-Weste-683x1024.jpg\" alt=\"\" width=\"237\" height=\"355\"\/><\/figure><\/div>\n\n\n\n<p>Felix Deck, hat neben klassischen Ausbildungen zum technischen Kaufmann und diversen T\u00e4tigkeiten in verantwortlicher Funktion eine \u00fcber 30j\u00e4hrige Erfahrung als Unternehmer mit einem mittelst\u00e4ndischen Betrieb im Handwerk.<\/p>\n\n\n\n<p>Als ambitionierter Marathonl\u00e4ufer absolvierte er \u00fcber 40 Marathonl\u00e4ufe. Er \u00fcberwand dabei Krankheit und Krisen durch Laufen als Therapie und war dabei lange als Coach und Schrittmacher beim Karlsruher Marathon aktiv.<\/p>\n\n\n\n<p>\u00dcber das Studium der EKS-Strategie\u00ae (<a href=\"http:\/\/www.eks.de\/\">www.eks.de<\/a>) in Verbindung mit seiner Ausbildung in NLP (<a href=\"http:\/\/www.nlp.de\/\">www.nlp.de<\/a>) und anderen therapeutischen und mentalen Erfahrungen entwickelte er sein eigenes Beratungs- und Kommunikationsmodell. Durch seine Fortbildung als Wirtschaftsmediator (IHK) wei\u00df er, dass in den Konflikten eine gro\u00dfe Chance f\u00fcr die pers\u00f6nliche und unternehmerische Weiterentwicklung liegen kann.<br>Das Konzept <em>Ihr BeziehungsProfil<\/em> wurde bereits mehrfach mit Preisen<br>ausgezeichnet.<\/p>\n\n\n\n<p><\/p>\n\n\n\n<div class=\"wp-block-image\"><figure class=\"alignleft size-large is-resized\"><img loading=\"lazy\" src=\"https:\/\/www.beziehungsprofil.de\/wp-content\/uploads\/IHK_3_08-1.jpg\" alt=\"\" class=\"wp-image-421\" width=\"181\" height=\"257\"\/><\/figure><\/div>\n\n\n\n<p><\/p>\n\n\n\n<p><\/p>\n\n\n\n<p><\/p>\n\n\n\n<p><\/p>\n\n\n\n<p><\/p>\n\n\n\n<p><\/p>\n\n\n\n<div class=\"wp-block-image is-style-default\"><figure class=\"alignleft size-large is-resized\"><img loading=\"lazy\" src=\"https:\/\/www.beziehungsprofil.de\/wp-content\/uploads\/Zuglaeufer-G_bearbeitet.png\" alt=\"\" class=\"wp-image-400\" width=\"275\" height=\"368\" srcset=\"https:\/\/www.beziehungsprofil.de\/wp-content\/uploads\/Zuglaeufer-G_bearbeitet.png 581w, https:\/\/www.beziehungsprofil.de\/wp-content\/uploads\/Zuglaeufer-G_bearbeitet-224x300.png 224w\" sizes=\"(max-width: 275px) 100vw, 275px\" \/><\/figure><\/div>\n\n\n\n<div class=\"wp-block-file\"><a href=\"https:\/\/www.beziehungsprofil.de\/wp-content\/uploads\/Referenz-Mittelstandsforum-1-5.pdf\"><br><br><br><br><br><br><br><br><br><br><br><br><br><br><br><br>Referenz Mittelstandsforum<\/a><a href=\"https:\/\/www.beziehungsprofil.de\/wp-content\/uploads\/Referenz-Mittelstandsforum-1-5.pdf\" class=\"wp-block-file__button\" download>Herunterladen<\/a><\/div>\n\n\n\n<figure class=\"wp-block-image size-large is-resized\"><a href=\"https:\/\/www.beziehungsprofil.de\/wp-content\/uploads\/ReferenzMittelstandsForum.png\"><img loading=\"lazy\" src=\"https:\/\/www.beziehungsprofil.de\/wp-content\/uploads\/ReferenzMittelstandsForum.png\" alt=\"\" class=\"wp-image-495\" width=\"264\" height=\"374\" srcset=\"https:\/\/www.beziehungsprofil.de\/wp-content\/uploads\/ReferenzMittelstandsForum.png 551w, https:\/\/www.beziehungsprofil.de\/wp-content\/uploads\/ReferenzMittelstandsForum-212x300.png 212w\" sizes=\"(max-width: 264px) 100vw, 264px\" \/><\/a><\/figure>\n","protected":false},"excerpt":{"rendered":"<p>keine graue Theorie Felix Deck, hat neben klassischen Ausbildungen zum technischen Kaufmann und diversen T\u00e4tigkeiten in verantwortlicher Funktion eine \u00fcber 30j\u00e4hrige Erfahrung als Unternehmer mit einem mittelst\u00e4ndischen Betrieb im Handwerk. Als ambitionierter Marathonl\u00e4ufer absolvierte er \u00fcber 40 Marathonl\u00e4ufe. Er \u00fcberwand dabei Krankheit und Krisen durch Laufen als Therapie und war dabei lange als Coach und &hellip;<\/p>\n<p class=\"read-more\"> <a class=\"\" href=\"https:\/\/www.beziehungsprofil.de\/index.php\/vita-zur-person-felix-deck\/\"> <span class=\"screen-reader-text\">Vita &#8211; Zur Person<\/span> Weiterlesen &raquo;<\/a><\/p>\n","protected":false},"author":1,"featured_media":0,"parent":0,"menu_order":0,"comment_status":"closed","ping_status":"closed","template":"","meta":{"site-sidebar-layout":"default","site-content-layout":"default","ast-main-header-display":"","ast-hfb-above-header-display":"","ast-hfb-mobile-header-display":"","site-post-title":"","ast-breadcrumbs-content":"","ast-featured-img":"","footer-sml-layout":"","theme-transparent-header-meta":"default","adv-header-id-meta":"","stick-header-meta":"","header-above-stick-meta":"","header-main-stick-meta":"","header-below-stick-meta":""},"_links":{"self":[{"href":"https:\/\/www.beziehungsprofil.de\/index.php\/wp-json\/wp\/v2\/pages\/18"}],"collection":[{"href":"https:\/\/www.beziehungsprofil.de\/index.php\/wp-json\/wp\/v2\/pages"}],"about":[{"href":"https:\/\/www.beziehungsprofil.de\/index.php\/wp-json\/wp\/v2\/types\/page"}],"author":[{"embeddable":true,"href":"https:\/\/www.beziehungsprofil.de\/index.php\/wp-json\/wp\/v2\/users\/1"}],"replies":[{"embeddable":true,"href":"https:\/\/www.beziehungsprofil.de\/index.php\/wp-json\/wp\/v2\/comments?post=18"}],"version-history":[{"count":32,"href":"https:\/\/www.beziehungsprofil.de\/index.php\/wp-json\/wp\/v2\/pages\/18\/revisions"}],"predecessor-version":[{"id":496,"href":"https:\/\/www.beziehungsprofil.de\/index.php\/wp-json\/wp\/v2\/pages\/18\/revisions\/496"}],"wp:attachment":[{"href":"https:\/\/www.beziehungsprofil.de\/index.php\/wp-json\/wp\/v2\/media?parent=18"}],"curies":[{"name":"wp","href":"https:\/\/api.w.org\/{rel}","templated":true}]}}