{"id":31,"date":"2020-09-13T14:57:40","date_gmt":"2020-09-13T12:57:40","guid":{"rendered":"http:\/\/wp1.tefiso.net\/?page_id=31"},"modified":"2020-11-22T15:47:33","modified_gmt":"2020-11-22T13:47:33","slug":"motivation","status":"publish","type":"page","link":"https:\/\/www.beziehungsprofil.de\/index.php\/motivation\/","title":{"rendered":"Motivation"},"content":{"rendered":"\n<div class=\"wp-block-image\"><figure class=\"alignleft size-large is-resized\"><img loading=\"lazy\" src=\"http:\/\/wp1.tefiso.net\/wp-content\/uploads\/Kopf-3-Unbenannt-2-1.jpg\" alt=\"\" class=\"wp-image-287\" width=\"208\" height=\"216\" srcset=\"https:\/\/www.beziehungsprofil.de\/wp-content\/uploads\/Kopf-3-Unbenannt-2-1.jpg 512w, https:\/\/www.beziehungsprofil.de\/wp-content\/uploads\/Kopf-3-Unbenannt-2-1-289x300.jpg 289w\" sizes=\"(max-width: 208px) 100vw, 208px\" \/><\/figure><\/div>\n\n\n\n<h2><strong>Dein Kopf l\u00e4uft mit, nicht nur im Sport!<\/strong><\/h2>\n\n\n\n<h3>Zielorientierung und Motivation am Beispiel Ausdauersport<\/h3>\n\n\n\n<p>Begabung, Intelligenz und Gl\u00fcck gelten als die besten Voraussetzungen, um etwas zu erreichen. Doch was oft \u00fcbersehen wird: Ohne ein Mindestma\u00df an Zielorientierung und Motivation sind Erfolge \u2013 gleichg\u00fcltig auf welchem Gebiet &#8211; nicht erreichbar. Erfolg oder Misserfolg im Beruf, im Privaten oder im Sport sind kein Schicksal. \u201eLeben und Arbeiten ist Einstellungssache\u201c! Denn viele Menschen\/ Unternehmen scheitern mit ihren W\u00fcnschen, Zielen oder Visionen meist nicht, weil sie unbegabt oder zu wenig intelligent sind, sondern weil sie nicht \u201edranbleiben\u201c &#8211; nicht zuletzt, weil sie an ihrer eigenen \u00dcberzeugung zweifeln.<\/p>\n\n\n\n<p>In dem Satz, man m\u00fcsse den inneren Schweinehund \u00fcberwinden, steckt hier mehr als ein K\u00f6rnchen Wahrheit. Aber in den meisten F\u00e4llen reicht es nicht, sich einfach einen Ruck zugeben und den besagten Schweinehund zu besiegen.<br><strong><br>Die gute Nachricht:<\/strong><br>Die erforderliche Hartn\u00e4ckigkeit und die entsprechende strategische Vorgehensweise zur Zielerreichung kann jede*r individuell f\u00fcr sich entwickeln. \u00a0<br>In meinem individuell auf jede Zielgruppe ausgerichteten Seminar\/ Workshop erfahren Sie, wie jede*r mit Freude im Beruf und Privatleben erfolgreich sein kann und mit Effizienz gute Resultate schafft. \u00a0<br><br><strong>Die Themen:<\/strong><br>&#8211; Einflussfaktoren von Motivation<br>&#8211; Autonomie und Verantwortung f\u00fcr das eigene Handeln<br>&#8211; Wahrnehmung und Kommunikation f\u00fcr ein positives Miteinander<br>&#8211; Zielplanung und Visionen f\u00fcr den privaten und beruflichen Erfolg<br>&#8211; K\u00f6rperliche Fitness und emotionale Begeisterung als Erfolgsfaktoren<\/p>\n\n\n\n<p>als<strong>&nbsp; Vortrag&nbsp; &#8211;&nbsp;&nbsp; Seminar&nbsp; &#8211;&nbsp; Workshop<\/strong>.<\/p>\n","protected":false},"excerpt":{"rendered":"<p>Dein Kopf l\u00e4uft mit, nicht nur im Sport! Zielorientierung und Motivation am Beispiel Ausdauersport Begabung, Intelligenz und Gl\u00fcck gelten als die besten Voraussetzungen, um etwas zu erreichen. Doch was oft \u00fcbersehen wird: Ohne ein Mindestma\u00df an Zielorientierung und Motivation sind Erfolge \u2013 gleichg\u00fcltig auf welchem Gebiet &#8211; nicht erreichbar. Erfolg oder Misserfolg im Beruf, im &hellip;<\/p>\n<p class=\"read-more\"> <a class=\"\" href=\"https:\/\/www.beziehungsprofil.de\/index.php\/motivation\/\"> <span class=\"screen-reader-text\">Motivation<\/span> Weiterlesen &raquo;<\/a><\/p>\n","protected":false},"author":1,"featured_media":0,"parent":0,"menu_order":0,"comment_status":"closed","ping_status":"closed","template":"","meta":{"site-sidebar-layout":"default","site-content-layout":"default","ast-main-header-display":"","ast-hfb-above-header-display":"","ast-hfb-mobile-header-display":"","site-post-title":"","ast-breadcrumbs-content":"","ast-featured-img":"","footer-sml-layout":"","theme-transparent-header-meta":"default","adv-header-id-meta":"","stick-header-meta":"","header-above-stick-meta":"","header-main-stick-meta":"","header-below-stick-meta":""},"_links":{"self":[{"href":"https:\/\/www.beziehungsprofil.de\/index.php\/wp-json\/wp\/v2\/pages\/31"}],"collection":[{"href":"https:\/\/www.beziehungsprofil.de\/index.php\/wp-json\/wp\/v2\/pages"}],"about":[{"href":"https:\/\/www.beziehungsprofil.de\/index.php\/wp-json\/wp\/v2\/types\/page"}],"author":[{"embeddable":true,"href":"https:\/\/www.beziehungsprofil.de\/index.php\/wp-json\/wp\/v2\/users\/1"}],"replies":[{"embeddable":true,"href":"https:\/\/www.beziehungsprofil.de\/index.php\/wp-json\/wp\/v2\/comments?post=31"}],"version-history":[{"count":15,"href":"https:\/\/www.beziehungsprofil.de\/index.php\/wp-json\/wp\/v2\/pages\/31\/revisions"}],"predecessor-version":[{"id":383,"href":"https:\/\/www.beziehungsprofil.de\/index.php\/wp-json\/wp\/v2\/pages\/31\/revisions\/383"}],"wp:attachment":[{"href":"https:\/\/www.beziehungsprofil.de\/index.php\/wp-json\/wp\/v2\/media?parent=31"}],"curies":[{"name":"wp","href":"https:\/\/api.w.org\/{rel}","templated":true}]}}