{"id":61,"date":"2020-09-24T22:04:35","date_gmt":"2020-09-24T20:04:35","guid":{"rendered":"http:\/\/wp1.tefiso.net\/?page_id=61"},"modified":"2020-11-14T22:10:09","modified_gmt":"2020-11-14T20:10:09","slug":"von-der-macke-zur-marke","status":"publish","type":"page","link":"https:\/\/www.beziehungsprofil.de\/index.php\/von-der-macke-zur-marke\/","title":{"rendered":"Von der Macke zur Marke"},"content":{"rendered":"\n<div class=\"wp-block-image\"><figure class=\"alignleft size-large is-resized\"><img loading=\"lazy\" src=\"http:\/\/wp1.tefiso.net\/wp-content\/uploads\/figures-1607182_1280-1024x456.jpg\" alt=\"\" class=\"wp-image-131\" width=\"420\" height=\"187\" srcset=\"https:\/\/www.beziehungsprofil.de\/wp-content\/uploads\/figures-1607182_1280-1024x456.jpg 1024w, https:\/\/www.beziehungsprofil.de\/wp-content\/uploads\/figures-1607182_1280-300x134.jpg 300w, https:\/\/www.beziehungsprofil.de\/wp-content\/uploads\/figures-1607182_1280-768x342.jpg 768w, https:\/\/www.beziehungsprofil.de\/wp-content\/uploads\/figures-1607182_1280.jpg 1280w\" sizes=\"(max-width: 420px) 100vw, 420px\" \/><\/figure><\/div>\n\n\n\n<h2><strong>Wie Sie sich konkurrenzlos positionieren<\/strong><\/h2>\n\n\n\n<p>Der Wettbewerb um Kunden, Auftr\u00e4ge und Fachkr\u00e4fte ist gro\u00df. Eine eigenst\u00e4ndige Marke ist eines der besten Instrumente, die Konkurrenz abzuh\u00e4ngen. Der Weg dorthin f\u00fchrt \u00fcber die Pers\u00f6nlichkeit: Welche Ziele treiben mich an? Welche Werte leiten mich? Was sind meine ganz pers\u00f6nlichen Potentiale?<\/p>\n\n\n\n<p><strong>F\u00fcr wen?<\/strong><br>Inhaber*innen, Gesch\u00e4ftsf\u00fchrer*innen, Gr\u00fcnder*innen sowie Personen, die sich beruflich neu positionieren m\u00f6chten. Betriebsinhaber*innen sind eingeladen, je eine Begleitperson mitzubringen, um den Blick auf das Unternehmen abzurunden. \u00a0<\/p>\n\n\n\n<p><strong>Ergebnis:<\/strong><br>Die Arbeit mit dem EKS<sup>\u00ae<\/sup>-Strategie-Tableau f\u00fchrt den Teilnehmer*innen ihre Vorlieben und Entscheidungsmuster vor Augen. Sie erkennen die Eigenheiten, die sie zur Marke machen und erarbeiten ihre individuelle Markenstrategie<\/p>\n\n\n\n<h2><\/h2>\n","protected":false},"excerpt":{"rendered":"<p>Wie Sie sich konkurrenzlos positionieren Der Wettbewerb um Kunden, Auftr\u00e4ge und Fachkr\u00e4fte ist gro\u00df. Eine eigenst\u00e4ndige Marke ist eines der besten Instrumente, die Konkurrenz abzuh\u00e4ngen. Der Weg dorthin f\u00fchrt \u00fcber die Pers\u00f6nlichkeit: Welche Ziele treiben mich an? Welche Werte leiten mich? Was sind meine ganz pers\u00f6nlichen Potentiale? F\u00fcr wen?Inhaber*innen, Gesch\u00e4ftsf\u00fchrer*innen, Gr\u00fcnder*innen sowie Personen, die sich &hellip;<\/p>\n<p class=\"read-more\"> <a class=\"\" href=\"https:\/\/www.beziehungsprofil.de\/index.php\/von-der-macke-zur-marke\/\"> <span class=\"screen-reader-text\">Von der Macke zur Marke<\/span> Weiterlesen &raquo;<\/a><\/p>\n","protected":false},"author":1,"featured_media":0,"parent":0,"menu_order":0,"comment_status":"closed","ping_status":"closed","template":"","meta":{"site-sidebar-layout":"default","site-content-layout":"default","ast-main-header-display":"","ast-hfb-above-header-display":"","ast-hfb-mobile-header-display":"","site-post-title":"","ast-breadcrumbs-content":"","ast-featured-img":"","footer-sml-layout":"","theme-transparent-header-meta":"default","adv-header-id-meta":"","stick-header-meta":"","header-above-stick-meta":"","header-main-stick-meta":"","header-below-stick-meta":""},"_links":{"self":[{"href":"https:\/\/www.beziehungsprofil.de\/index.php\/wp-json\/wp\/v2\/pages\/61"}],"collection":[{"href":"https:\/\/www.beziehungsprofil.de\/index.php\/wp-json\/wp\/v2\/pages"}],"about":[{"href":"https:\/\/www.beziehungsprofil.de\/index.php\/wp-json\/wp\/v2\/types\/page"}],"author":[{"embeddable":true,"href":"https:\/\/www.beziehungsprofil.de\/index.php\/wp-json\/wp\/v2\/users\/1"}],"replies":[{"embeddable":true,"href":"https:\/\/www.beziehungsprofil.de\/index.php\/wp-json\/wp\/v2\/comments?post=61"}],"version-history":[{"count":8,"href":"https:\/\/www.beziehungsprofil.de\/index.php\/wp-json\/wp\/v2\/pages\/61\/revisions"}],"predecessor-version":[{"id":367,"href":"https:\/\/www.beziehungsprofil.de\/index.php\/wp-json\/wp\/v2\/pages\/61\/revisions\/367"}],"wp:attachment":[{"href":"https:\/\/www.beziehungsprofil.de\/index.php\/wp-json\/wp\/v2\/media?parent=61"}],"curies":[{"name":"wp","href":"https:\/\/api.w.org\/{rel}","templated":true}]}}