{"id":64,"date":"2020-09-24T22:13:44","date_gmt":"2020-09-24T20:13:44","guid":{"rendered":"http:\/\/wp1.tefiso.net\/?page_id=64"},"modified":"2021-01-04T16:44:10","modified_gmt":"2021-01-04T14:44:10","slug":"dein-beruf","status":"publish","type":"page","link":"https:\/\/www.beziehungsprofil.de\/index.php\/dein-beruf\/","title":{"rendered":"Dein Beruf &#8211; Deine Karriere"},"content":{"rendered":"\n<figure class=\"wp-block-image size-large is-resized\"><img loading=\"lazy\" src=\"https:\/\/www.beziehungsprofil.de\/wp-content\/uploads\/Karriere-business-5290832_1280-Bild-von-Pabitra-Kaity-auf-Pixabay--1024x731.jpg\" alt=\"\" class=\"wp-image-221\" width=\"393\" height=\"281\"\/><\/figure>\n\n\n\n<p><\/p>\n\n\n\n<div class=\"wp-block-group\"><div class=\"wp-block-group__inner-container\">\n<h2><strong>Der Workshop f\u00fcr Dich<\/strong><\/h2>\n\n\n\n<p><\/p>\n<\/div><\/div>\n\n\n\n<p><strong>Mein Beruf + meine Zukunft = Mein Erfolg bin ICH!<br><\/strong>Es gilt, verborgene Kompetenzen zu erkennen. Denn neben fachlichem Wissen aus Schule, Ausbildung oder auch Studium gibt es vielf\u00e4ltige Lebenserfahrungen, die f\u00fcr das berufliche Fortkommen entscheidend sind, aber nicht ohne weiteres auf der Hand liegen. Seien es Erfahrungen in Familienarbeit, Freizeit oder im Ehrenamt.<\/p>\n\n\n\n<p><strong>F\u00fcr wen?<\/strong><br>Sch\u00fcler*innen, Student*innen, Berufst\u00e4tige (bitte Flyer anfordern)<br>Nach Neuorientierung Suchende<br><strong><br>Das Ergebnis:<br><\/strong>Ein konkreter Entwicklungsplan, gef\u00fchrt von pers\u00f6nlichen Werten und Zielen, bis hin zum konkreten Umsetzungsplan, der Dich in Deine Wunschzukunft f\u00fchren kann.<\/p>\n","protected":false},"excerpt":{"rendered":"<p>Der Workshop f\u00fcr Dich Mein Beruf + meine Zukunft = Mein Erfolg bin ICH!Es gilt, verborgene Kompetenzen zu erkennen. Denn neben fachlichem Wissen aus Schule, Ausbildung oder auch Studium gibt es vielf\u00e4ltige Lebenserfahrungen, die f\u00fcr das berufliche Fortkommen entscheidend sind, aber nicht ohne weiteres auf der Hand liegen. Seien es Erfahrungen in Familienarbeit, Freizeit oder &hellip;<\/p>\n<p class=\"read-more\"> <a class=\"\" href=\"https:\/\/www.beziehungsprofil.de\/index.php\/dein-beruf\/\"> <span class=\"screen-reader-text\">Dein Beruf &#8211; Deine Karriere<\/span> Weiterlesen &raquo;<\/a><\/p>\n","protected":false},"author":1,"featured_media":0,"parent":0,"menu_order":0,"comment_status":"closed","ping_status":"closed","template":"","meta":{"site-sidebar-layout":"default","site-content-layout":"default","ast-main-header-display":"","ast-hfb-above-header-display":"","ast-hfb-mobile-header-display":"","site-post-title":"","ast-breadcrumbs-content":"","ast-featured-img":"","footer-sml-layout":"","theme-transparent-header-meta":"default","adv-header-id-meta":"","stick-header-meta":"","header-above-stick-meta":"","header-main-stick-meta":"","header-below-stick-meta":""},"_links":{"self":[{"href":"https:\/\/www.beziehungsprofil.de\/index.php\/wp-json\/wp\/v2\/pages\/64"}],"collection":[{"href":"https:\/\/www.beziehungsprofil.de\/index.php\/wp-json\/wp\/v2\/pages"}],"about":[{"href":"https:\/\/www.beziehungsprofil.de\/index.php\/wp-json\/wp\/v2\/types\/page"}],"author":[{"embeddable":true,"href":"https:\/\/www.beziehungsprofil.de\/index.php\/wp-json\/wp\/v2\/users\/1"}],"replies":[{"embeddable":true,"href":"https:\/\/www.beziehungsprofil.de\/index.php\/wp-json\/wp\/v2\/comments?post=64"}],"version-history":[{"count":8,"href":"https:\/\/www.beziehungsprofil.de\/index.php\/wp-json\/wp\/v2\/pages\/64\/revisions"}],"predecessor-version":[{"id":413,"href":"https:\/\/www.beziehungsprofil.de\/index.php\/wp-json\/wp\/v2\/pages\/64\/revisions\/413"}],"wp:attachment":[{"href":"https:\/\/www.beziehungsprofil.de\/index.php\/wp-json\/wp\/v2\/media?parent=64"}],"curies":[{"name":"wp","href":"https:\/\/api.w.org\/{rel}","templated":true}]}}