{"id":80,"date":"2020-10-12T22:04:07","date_gmt":"2020-10-12T20:04:07","guid":{"rendered":"http:\/\/wp1.tefiso.net\/?page_id=80"},"modified":"2021-01-05T16:05:48","modified_gmt":"2021-01-05T14:05:48","slug":"referenzen","status":"publish","type":"page","link":"https:\/\/www.beziehungsprofil.de\/index.php\/referenzen\/","title":{"rendered":"Referenzen"},"content":{"rendered":"\n<figure class=\"wp-block-table is-style-stripes\"><table><tbody><tr><td><img loading=\"lazy\" width=\"337\" height=\"150\" class=\"wp-image-293\" style=\"width: 150px;\" src=\"https:\/\/www.beziehungsprofil.de\/wp-content\/uploads\/Pallmann-images.jpg\" alt=\"\" srcset=\"https:\/\/www.beziehungsprofil.de\/wp-content\/uploads\/Pallmann-images.jpg 337w, https:\/\/www.beziehungsprofil.de\/wp-content\/uploads\/Pallmann-images-300x134.jpg 300w\" sizes=\"(max-width: 337px) 100vw, 337px\" \/><\/td><td><a href=\"http:\/\/www.pallmann.net\" target=\"_blank\" rel=\"noreferrer noopener\">http:\/\/pallmann.net<\/a><br>PALLMANN GmbH l A company of Uzin Utz Group<br>Im Kreuz 6<br>97076 W\u00fcrzburg<\/td><td><\/td><\/tr><tr><td><img loading=\"lazy\" width=\"67\" height=\"66\" class=\"wp-image-335\" style=\"width: 67px;\" src=\"https:\/\/www.beziehungsprofil.de\/wp-content\/uploads\/hwk_logo.gif\" alt=\"\"><\/td><td><a rel=\"noreferrer noopener\" href=\"http:\/\/www.hwk-karlsruhe.de\" target=\"_blank\"><img src=\"http:\/\/beziehungsprofil.de\/fileadmin\/img\/icons\/external_link_new_window.gif\" alt=\"\">www.hwk-karlsruhe.de<\/a><br>Handwerkskammer Karlsruhe<br>Haus des Handwerks<br>76126 Karlsruhe<\/td><td><\/td><\/tr><tr><td><img loading=\"lazy\" width=\"510\" height=\"171\" class=\"wp-image-204\" style=\"width: 150px;\" src=\"https:\/\/www.beziehungsprofil.de\/wp-content\/uploads\/Fiducia-jpg.jpg\" alt=\"\" srcset=\"https:\/\/www.beziehungsprofil.de\/wp-content\/uploads\/Fiducia-jpg.jpg 510w, https:\/\/www.beziehungsprofil.de\/wp-content\/uploads\/Fiducia-jpg-300x101.jpg 300w\" sizes=\"(max-width: 510px) 100vw, 510px\" \/><\/td><td><a rel=\"noreferrer noopener\" href=\"http:\/\/www.fiduciagad.de\" target=\"_blank\"><\/a><a href=\"http:\/\/www.fiduciagad.de\" target=\"_blank\" rel=\"noreferrer noopener\">http:\/\/www.fiduciagad.de<\/a><br>Fiducia GAD IT AG<br>Fiduciastr.20<br>76227 Karlsruhe<\/td><td><\/td><\/tr><tr><td><img loading=\"lazy\" width=\"210\" height=\"75\" class=\"wp-image-336\" style=\"width: 150px;\" src=\"http:\/\/www.beziehungsprofil.de\/wp-content\/uploads\/meister_rat_logo.gif\" alt=\"\"><\/td><td><a rel=\"noreferrer noopener\" href=\"http:\/\/www.meister-rat-aw.de\" target=\"_blank\">www.meister-rat-aw.de<\/a><br>MEISTER RAT e.V.<br>Postfach 13 40<br>53458 Bad Neuenahr-Ahrweiler<\/td><td><\/td><\/tr><tr><td><img loading=\"lazy\" width=\"211\" height=\"89\" class=\"wp-image-325\" style=\"width: 150px;\" src=\"http:\/\/www.beziehungsprofil.de\/wp-content\/uploads\/p_kraemer_unternehmensberatung.jpg\" alt=\"\"><\/td><td><a rel=\"noreferrer noopener\" href=\"http:\/\/www.unternehmensberatung-kraemer.de\" target=\"_blank\">www.unternehmensberatung-kraemer.de<\/a><br>Paul Kr\u00e4mer Unternehmensberatung<br>Dr.-Kempf-Str. 1977716 Haslach<\/td><td><\/td><\/tr><tr><td><img loading=\"lazy\" width=\"160\" height=\"75\" class=\"wp-image-321\" style=\"width: 150px;\" src=\"http:\/\/www.beziehungsprofil.de\/wp-content\/uploads\/innung_parkettleger.jpg\" alt=\"\"><\/td><td><a rel=\"noreferrer noopener\" href=\"http:\/\/www.parkett-fussboden-franken.de\" target=\"_blank\">www.parkett-fussboden-franken.de<\/a><br>Innung Parkettlegerhandwerk und Fu\u00dfbodentechnik<br>f\u00fcr Mittel- und Oberfranken,<br>B\u00f6ttgerstr. 10, 96050 Bamberg<br><em>Obermeister: Heinz Brehm<br><a href=\"javascript:linkTo_UnCryptMailto('ocknvq,jgkpb0dtgjoBrctmgvv\/dtgjo0fg');\">heinz.brehm(at)parkett-brehm(dot)de<\/a><\/em><\/td><td><\/td><\/tr><tr><td><img loading=\"lazy\" width=\"187\" height=\"102\" class=\"wp-image-318\" style=\"width: 150px;\" src=\"http:\/\/www.beziehungsprofil.de\/wp-content\/uploads\/farben_arndt.jpg\" alt=\"\"><\/td><td><a rel=\"noreferrer noopener\" href=\"http:\/\/www.farben-arndt.de\" target=\"_blank\">www.farben-arndt.de<\/a><br>Farben-Arndt GmbH &amp; Co. KG<br>Katzenberger Weg 131<br>D-56727 Mayen<\/td><td><\/td><\/tr><tr><td><img loading=\"lazy\" width=\"104\" height=\"40\" class=\"wp-image-319\" style=\"width: 104px;\" src=\"http:\/\/www.beziehungsprofil.de\/wp-content\/uploads\/geiger.jpg\" alt=\"\"><\/td><td><a rel=\"noreferrer noopener\" href=\"http:\/\/www.geiger-gh.de\" target=\"_blank\">www.geiger-gh.de<\/a><br>Alois Geiger Sphne GmbH &amp; Co.KG<br>Bodenbel\u00e4ge . Holz<br>Maybachstr. 2<br>63741 Aschaffenburg<\/td><td><\/td><\/tr><tr><td><img loading=\"lazy\" width=\"141\" height=\"57\" class=\"wp-image-327\" style=\"width: 141px;\" src=\"http:\/\/www.beziehungsprofil.de\/wp-content\/uploads\/spoerr.jpg\" alt=\"\"><\/td><td><a rel=\"noreferrer noopener\" href=\"http:\/\/www.spoerr.de\" target=\"_blank\">www.spoerr.de<\/a><br>Sp\u00f6rr und Partner GmbH<br>Gro\u00dfhandel f\u00fcr Raumgestaltung<br>Obere Klinge 11<br>75245 Neulingen-Bauschlott<\/td><td><\/td><\/tr><tr><td><img loading=\"lazy\" width=\"141\" height=\"75\" class=\"wp-image-326\" style=\"width: 141px;\" src=\"http:\/\/www.beziehungsprofil.de\/wp-content\/uploads\/ruv.jpg\" alt=\"\"><\/td><td><a rel=\"noreferrer noopener\" href=\"http:\/\/www.ruv.de\" target=\"_blank\">www.ruv.de<\/a>&nbsp;&nbsp; &nbsp;&nbsp;&nbsp; &nbsp;&nbsp;&nbsp; &nbsp;&nbsp;&nbsp; &nbsp;&nbsp;&nbsp;<br>Bezirksdirektion Karlsruhe&nbsp;&nbsp;&nbsp;<br>Steinh\u00e4userstr. 12<br>76135 Karlsruhe<\/td><td><\/td><\/tr><tr><td><img loading=\"lazy\" width=\"41\" height=\"36\" src=\"http:\/\/www.beziehungsprofil.de\/wp-content\/uploads\/enzkreis.jpg\" class=\"wp-image-317\" style=\"width: 41px;\" alt=\"\"><\/td><td>Maler- und Lackierer-Innung Enzkreis<br>Robert-Bosch-Str. 6<br>75180 Pforzheim-B\u00fc<\/td><td><\/td><\/tr><tr><td><img loading=\"lazy\" width=\"220\" height=\"80\" class=\"wp-image-331\" style=\"width: 150px;\" src=\"https:\/\/www.beziehungsprofil.de\/wp-content\/uploads\/uzin.jpg\" alt=\"\"><\/td><td><a rel=\"noreferrer noopener\" href=\"http:\/\/www.uzin.de\" target=\"_blank\">www.uzin.de<\/a><br>UZIN UTZ AKTIENGESELLSCHAFT<br>Dieselstr.3<br>D 89079 Ulm<\/td><td><\/td><\/tr><tr><td><img loading=\"lazy\" width=\"263\" height=\"70\" class=\"wp-image-322\" style=\"width: 150px;\" src=\"http:\/\/www.beziehungsprofil.de\/wp-content\/uploads\/jordan.jpg\" alt=\"\"><\/td><td><a rel=\"noreferrer noopener\" href=\"http:\/\/www.joka.de\" target=\"_blank\">www.joka.de<\/a><br>W &amp; L. Jordan GmbH<br>T\u00f6pfenhofweg 41<br>34134 Kassel<\/td><td><\/td><\/tr><tr><td><img loading=\"lazy\" width=\"125\" height=\"83\" class=\"wp-image-324\" style=\"width: 125px;\" src=\"http:\/\/www.beziehungsprofil.de\/wp-content\/uploads\/pfizer.jpg\" alt=\"\"><\/td><td><a rel=\"noreferrer noopener\" href=\"http:\/\/www.pfizer.de\" target=\"_blank\">www.pfizer.de<\/a><br>Pfizer Pharma GmbH<br>Pfizerstra\u00dfe 1<br>76139 Karlsruhe<\/td><td><\/td><\/tr><tr><td><img loading=\"lazy\" width=\"130\" height=\"80\" class=\"wp-image-323\" style=\"width: 130px;\" src=\"http:\/\/www.beziehungsprofil.de\/wp-content\/uploads\/nsneureut.jpg\" alt=\"\"><\/td><td><a rel=\"noreferrer noopener\" href=\"http:\/\/www.nsn.ka.schule-bw.de\/nsn.htm\" target=\"_blank\">www.nsn.ka.schule-bw.de\/nsn.htm<\/a><br>Nordschule Neureut<br>Friedhofstra\u00dfe 1<br>76149 Karlsruhe&nbsp;<\/td><td><\/td><\/tr><\/tbody><\/table><\/figure>\n","protected":false},"excerpt":{"rendered":"<p>http:\/\/pallmann.netPALLMANN GmbH l A company of Uzin Utz GroupIm Kreuz 697076 W\u00fcrzburg www.hwk-karlsruhe.deHandwerkskammer KarlsruheHaus des Handwerks76126 Karlsruhe http:\/\/www.fiduciagad.deFiducia GAD IT AGFiduciastr.2076227 Karlsruhe www.meister-rat-aw.deMEISTER RAT e.V.Postfach 13 4053458 Bad Neuenahr-Ahrweiler www.unternehmensberatung-kraemer.dePaul Kr\u00e4mer UnternehmensberatungDr.-Kempf-Str. 1977716 Haslach www.parkett-fussboden-franken.deInnung Parkettlegerhandwerk und Fu\u00dfbodentechnikf\u00fcr Mittel- und Oberfranken,B\u00f6ttgerstr. 10, 96050 BambergObermeister: Heinz Brehmheinz.brehm(at)parkett-brehm(dot)de www.farben-arndt.deFarben-Arndt GmbH &amp; Co. KGKatzenberger Weg 131D-56727 Mayen www.geiger-gh.deAlois &hellip;<\/p>\n<p class=\"read-more\"> <a class=\"\" href=\"https:\/\/www.beziehungsprofil.de\/index.php\/referenzen\/\"> <span class=\"screen-reader-text\">Referenzen<\/span> Weiterlesen &raquo;<\/a><\/p>\n","protected":false},"author":1,"featured_media":0,"parent":0,"menu_order":0,"comment_status":"closed","ping_status":"closed","template":"","meta":{"site-sidebar-layout":"default","site-content-layout":"default","ast-main-header-display":"","ast-hfb-above-header-display":"","ast-hfb-mobile-header-display":"","site-post-title":"","ast-breadcrumbs-content":"","ast-featured-img":"","footer-sml-layout":"","theme-transparent-header-meta":"default","adv-header-id-meta":"","stick-header-meta":"","header-above-stick-meta":"","header-main-stick-meta":"","header-below-stick-meta":""},"_links":{"self":[{"href":"https:\/\/www.beziehungsprofil.de\/index.php\/wp-json\/wp\/v2\/pages\/80"}],"collection":[{"href":"https:\/\/www.beziehungsprofil.de\/index.php\/wp-json\/wp\/v2\/pages"}],"about":[{"href":"https:\/\/www.beziehungsprofil.de\/index.php\/wp-json\/wp\/v2\/types\/page"}],"author":[{"embeddable":true,"href":"https:\/\/www.beziehungsprofil.de\/index.php\/wp-json\/wp\/v2\/users\/1"}],"replies":[{"embeddable":true,"href":"https:\/\/www.beziehungsprofil.de\/index.php\/wp-json\/wp\/v2\/comments?post=80"}],"version-history":[{"count":21,"href":"https:\/\/www.beziehungsprofil.de\/index.php\/wp-json\/wp\/v2\/pages\/80\/revisions"}],"predecessor-version":[{"id":418,"href":"https:\/\/www.beziehungsprofil.de\/index.php\/wp-json\/wp\/v2\/pages\/80\/revisions\/418"}],"wp:attachment":[{"href":"https:\/\/www.beziehungsprofil.de\/index.php\/wp-json\/wp\/v2\/media?parent=80"}],"curies":[{"name":"wp","href":"https:\/\/api.w.org\/{rel}","templated":true}]}}